{"id":1041,"date":"2016-08-21T18:28:56","date_gmt":"2016-08-21T23:28:56","guid":{"rendered":"http:\/\/happyiguanacompany.com\/?page_id=1041"},"modified":"2023-03-30T12:56:21","modified_gmt":"2023-03-30T17:56:21","slug":"salsa-dancing-classes","status":"publish","type":"page","link":"https:\/\/happyiguanacompany.com\/pl\/things-to-do-2\/salsa-dancing-classes\/","title":{"rendered":"Kursy ta\u0144ca: salsa"},"content":{"rendered":"<div id=\"pl-1041\"  class=\"panel-layout\" ><div id=\"pg-1041-0\"  class=\"panel-grid panel-no-style\" ><div id=\"pgc-1041-0-0\"  class=\"panel-grid-cell\" ><div id=\"panel-1041-0-0-0\" class=\"so-panel widget widget_sow-editor panel-first-child panel-last-child\" data-index=\"0\" ><div\n\t\t\t\n\t\t\tclass=\"so-widget-sow-editor so-widget-sow-editor-base\"\n\t\t\t\n\t\t>\n<div class=\"siteorigin-widget-tinymce textwidget\">\n\t<p><span style=\"color: #000000;\"><strong>Nasi go\u015bcie<\/strong> mog\u0105 uczestniczy\u0107 w grupowych zaj\u0119ciach tanecznych lub wybra\u0107 spersonalizowany kurs, kt\u00f3ry pasuje do ka\u017cdego harmonogramu wakacji. Po zaj\u0119ciach nasi go\u015bcie s\u0105 zapraszani do grupy lokalnych uczni\u00f3w na ta\u0144ce towarzyskie w jednym z klub\u00f3w salsy w Playa del Carmen.<\/span><\/p>\n<\/div>\n<\/div><\/div><\/div><\/div><div id=\"pg-1041-1\"  class=\"panel-grid panel-no-style\" ><div id=\"pgc-1041-1-0\"  class=\"panel-grid-cell\" ><div id=\"panel-1041-1-0-0\" class=\"so-panel widget widget_media_video panel-first-child panel-last-child\" data-index=\"1\" ><div style=\"width:100%;\" class=\"wp-video\"><!--[if lt IE 9]><script>document.createElement('video');<\/script><![endif]-->\n<video class=\"wp-video-shortcode\" id=\"video-1041-1\" preload=\"metadata\" controls=\"controls\"><source type=\"video\/youtube\" src=\"https:\/\/youtu.be\/9Or5KiYObd0?_=1\" \/><a href=\"https:\/\/youtu.be\/9Or5KiYObd0\">https:\/\/youtu.be\/9Or5KiYObd0<\/a><\/video><\/div><\/div><\/div><div id=\"pgc-1041-1-1\"  class=\"panel-grid-cell\" ><div id=\"panel-1041-1-1-0\" class=\"so-panel widget widget_media_video panel-first-child panel-last-child\" data-index=\"2\" ><div style=\"width:100%;\" class=\"wp-video\"><video class=\"wp-video-shortcode\" id=\"video-1041-2\" preload=\"metadata\" controls=\"controls\"><source type=\"video\/youtube\" src=\"https:\/\/youtu.be\/tWK-UMGkUzU?_=2\" \/><a href=\"https:\/\/youtu.be\/tWK-UMGkUzU\">https:\/\/youtu.be\/tWK-UMGkUzU<\/a><\/video><\/div><\/div><\/div><\/div><div id=\"pg-1041-2\"  class=\"panel-grid panel-no-style\" ><div id=\"pgc-1041-2-0\"  class=\"panel-grid-cell\" ><div id=\"panel-1041-2-0-0\" class=\"so-panel widget widget_text panel-first-child panel-last-child\" data-index=\"3\" ><div class=\"panel-widget-style panel-widget-style-for-1041-2-0-0\" >\t\t\t<div class=\"textwidget\"><p><strong>Nasi nauczyciele<\/strong> s\u0105 znani z zabawnego i entuzjastycznego stylu ta\u0144ca i nauczania. Prowadzimy zaj\u0119cia z salsy on1, bachaty, salsy casino, rueda de casino i ta\u0144c\u00f3w afro. Przychodz\u0105c na nasze zaj\u0119cia znajdziesz pozytywn\u0105 atmosfer\u0119 i wyjdziesz z nich u\u015bmiechni\u0119ty. Pasja i zapa\u0142 nauczycieli sprawi\u0105, \u017ce lekcje b\u0119dziesz wspomina\u0107 z przyjemno\u015bci\u0105.<\/p>\n<\/div>\n\t\t<\/div><\/div><\/div><\/div><div id=\"pg-1041-3\"  class=\"panel-grid panel-no-style\" ><div id=\"pgc-1041-3-0\"  class=\"panel-grid-cell\" ><div id=\"panel-1041-3-0-0\" class=\"so-panel widget widget_media_video panel-first-child panel-last-child\" data-index=\"4\" ><div style=\"width:100%;\" class=\"wp-video\"><video class=\"wp-video-shortcode\" id=\"video-1041-3\" preload=\"metadata\" controls=\"controls\"><source type=\"video\/youtube\" src=\"https:\/\/youtu.be\/4AbEe76_Sxw?_=3\" \/><a href=\"https:\/\/youtu.be\/4AbEe76_Sxw\">https:\/\/youtu.be\/4AbEe76_Sxw<\/a><\/video><\/div><\/div><\/div><div id=\"pgc-1041-3-1\"  class=\"panel-grid-cell\" ><div id=\"panel-1041-3-1-0\" class=\"so-panel widget widget_media_video panel-first-child panel-last-child\" data-index=\"5\" ><div style=\"width:100%;\" class=\"wp-video\"><video class=\"wp-video-shortcode\" id=\"video-1041-4\" preload=\"metadata\" controls=\"controls\"><source type=\"video\/youtube\" src=\"https:\/\/youtu.be\/LiNRn0hUt5o?_=4\" \/><a href=\"https:\/\/youtu.be\/LiNRn0hUt5o\">https:\/\/youtu.be\/LiNRn0hUt5o<\/a><\/video><\/div><\/div><\/div><\/div><div id=\"pg-1041-4\"  class=\"panel-grid panel-no-style\" ><div id=\"pgc-1041-4-0\"  class=\"panel-grid-cell\" ><div id=\"panel-1041-4-0-0\" class=\"so-panel widget widget_text panel-first-child panel-last-child\" data-index=\"6\" ><div class=\"panel-widget-style panel-widget-style-for-1041-4-0-0\" >\t\t\t<div class=\"textwidget\"><p>W zale\u017cno\u015bci od pory roku nasi go\u015bcie mog\u0105 uczestniczy\u0107 w lokalnych wydarzeniach takich jak <strong>Salsa Casino Mayan Congress<\/strong> z ponad 40 warsztatami kuba\u0144skiej salsy, Rueda de Casino, Afro Cuban Dance, Rumba, Cuban Son, kuba\u0144skiego folkloru, Cubaton i innych, prowadzonych przez najlepszych krajowych i mi\u0119dzynarodowych instruktor\u00f3w <strong>Cozumel Carnival<\/strong> \u2013 jeden z najlepszych karnawa\u0142\u00f3w w Meksyku.<\/p>\n<\/div>\n\t\t<\/div><\/div><\/div><\/div><div id=\"pg-1041-5\"  class=\"panel-grid panel-no-style\" ><div id=\"pgc-1041-5-0\"  class=\"panel-grid-cell\" ><div id=\"panel-1041-5-0-0\" class=\"so-panel widget widget_media_video panel-first-child panel-last-child\" data-index=\"7\" ><div style=\"width:100%;\" class=\"wp-video\"><video class=\"wp-video-shortcode\" id=\"video-1041-5\" preload=\"metadata\" controls=\"controls\"><source type=\"video\/youtube\" src=\"https:\/\/youtu.be\/TlWQkL73LDU?_=5\" \/><a href=\"https:\/\/youtu.be\/TlWQkL73LDU\">https:\/\/youtu.be\/TlWQkL73LDU<\/a><\/video><\/div><\/div><\/div><div id=\"pgc-1041-5-1\"  class=\"panel-grid-cell\" ><div id=\"panel-1041-5-1-0\" class=\"so-panel widget widget_media_video panel-first-child panel-last-child\" data-index=\"8\" ><div style=\"width:100%;\" class=\"wp-video\"><video class=\"wp-video-shortcode\" id=\"video-1041-6\" preload=\"metadata\" controls=\"controls\"><source type=\"video\/youtube\" src=\"https:\/\/www.youtube.com\/watch?v=bSLhYMxZry4&#038;_=6\" \/><a href=\"https:\/\/www.youtube.com\/watch?v=bSLhYMxZry4\">https:\/\/www.youtube.com\/watch?v=bSLhYMxZry4<\/a><\/video><\/div><\/div><\/div><\/div><\/div>","protected":false},"excerpt":{"rendered":"<p>Our guests can either participate in the group dance classes or they can choose a personalized instruction that works with any vacations schedule. After classes our guests are invited to join the group of local students for social dancing in one of Playa&#8217;s salsa dancing clubs.<\/p>","protected":false},"author":1,"featured_media":0,"parent":2611,"menu_order":10,"comment_status":"closed","ping_status":"closed","template":"","meta":{"footnotes":""},"class_list":["post-1041","page","type-page","status-publish","hentry"],"_links":{"self":[{"href":"https:\/\/happyiguanacompany.com\/pl\/wp-json\/wp\/v2\/pages\/1041","targetHints":{"allow":["GET"]}}],"collection":[{"href":"https:\/\/happyiguanacompany.com\/pl\/wp-json\/wp\/v2\/pages"}],"about":[{"href":"https:\/\/happyiguanacompany.com\/pl\/wp-json\/wp\/v2\/types\/page"}],"author":[{"embeddable":true,"href":"https:\/\/happyiguanacompany.com\/pl\/wp-json\/wp\/v2\/users\/1"}],"replies":[{"embeddable":true,"href":"https:\/\/happyiguanacompany.com\/pl\/wp-json\/wp\/v2\/comments?post=1041"}],"version-history":[{"count":61,"href":"https:\/\/happyiguanacompany.com\/pl\/wp-json\/wp\/v2\/pages\/1041\/revisions"}],"predecessor-version":[{"id":3925,"href":"https:\/\/happyiguanacompany.com\/pl\/wp-json\/wp\/v2\/pages\/1041\/revisions\/3925"}],"up":[{"embeddable":true,"href":"https:\/\/happyiguanacompany.com\/pl\/wp-json\/wp\/v2\/pages\/2611"}],"wp:attachment":[{"href":"https:\/\/happyiguanacompany.com\/pl\/wp-json\/wp\/v2\/media?parent=1041"}],"curies":[{"name":"wp","href":"https:\/\/api.w.org\/{rel}","templated":true}]}}