{"id":111,"date":"2016-05-03T15:35:39","date_gmt":"2016-05-03T20:35:39","guid":{"rendered":"http:\/\/happyiguanacompany.duzy.pl\/?page_id=111"},"modified":"2023-03-30T13:38:05","modified_gmt":"2023-03-30T18:38:05","slug":"terms-and-conditions","status":"publish","type":"page","link":"https:\/\/happyiguanacompany.com\/pl\/vacation-rentals\/terms-and-conditions\/","title":{"rendered":"Regulamin"},"content":{"rendered":"<p><strong><span style=\"color: #800000;\">Rezerwacja<\/span><\/strong><br \/>\nW celu potwierdzenia rezerwacji nale\u017cy w ci\u0105gu pi\u0119ciu dni roboczych wp\u0142aci\u0107 zadatek w wysoko\u015bci 50%. Zastrzegamy sobie prawo do traktowania rezerwacji jako anulowanej, je\u015bli nale\u017cno\u015b\u0107 nie zostanie uregulowana w terminie.<br \/>\n<strong><span style=\"color: #000000;\">Ca\u0142\u0105 op\u0142at\u0119 nale\u017cy ui\u015bci\u0107 30 dni przed przyjazdem<\/span>.<\/strong> For reservations in less than 30 days before the arrival date full payment is required upon making your reservation request. If the balance of the payment does not arrive 30 days before your arrival date the reservation will be subject to availability and may be cancelled.<\/p>\n<p><span style=\"color: #000000;\">Nie ponosimy odpowiedzialno\u015bci za op\u0142aty za przelewy bankowe.<\/span>.<\/p>\n<p>Zalecamy wczesn\u0105 rezerwacj\u0119, szczeg\u00f3lnie w przypadku podr\u00f3\u017cy planowanych w szczycie sezonu.<br \/>\nW przypadku ch\u0119ci zmiany terminu pobytu prosimy o bezpo\u015bredni kontakt. Wszystkie pro\u015bby o zmian\u0119 terminu pobytu b\u0119d\u0105 rozpatrywane w zale\u017cno\u015bci od dost\u0119pno\u015bci i mog\u0105 podlega\u0107 dodatkowej op\u0142acie.<\/p>\n<p><strong><span style=\"color: #800000;\">Anulacje i zwroty:<\/span><\/strong><br \/>\nP\u0142atno\u015bci depozyt\u00f3w lub p\u0142atno\u015bci w ca\u0142o\u015bci podlegaj\u0105 zwrotowi w stosownych przypadkach:<\/p>\n<p style=\"padding-left: 30px;\">\u2022   90 do 60 dni przed przyjazdem \u2013 100% wp\u0142aconej kwoty.<br \/>\n\u2022   60 do 30 dni przed przyjazdem \u2013  20% op\u0142aty za anulowanie.<br \/>\n\u2022    Mniej ni\u017c 30 dni przed przyjazdem \u2013 100% wp\u0142aconej kwoty nie podlega zwrotowi.<br \/>\n\u2022    Rezerwacje w szczycie sezonu \u2013 100% wp\u0142aconej kwoty nie podlega zwrotowi.<\/p>\n<p>Nie przewiduje si\u0119 refundacji za niewykorzystane us\u0142ugi. W \u017cadnym wypadku zwrot nie mo\u017ce przekroczy\u0107 kwoty zap\u0142aconej. Ubezpieczenie od rezygnacji z podr\u00f3\u017cy jest zdecydowanie rekomendowane. Mo\u017cna je uzyska\u0107 za po\u015brednictwem lokalnego towarzystwa ubezpieczeniowego.<br \/>\nW przypadku, gdy po otrzymaniu wp\u0142aty us\u0142uga stanie si\u0119 niedost\u0119pna z powodu okoliczno\u015bci pozostaj\u0105cych poza nasz\u0105 kontrol\u0105, b\u0119dziemy mie\u0107 mo\u017cliwo\u015b\u0107 zaproponowania rozwi\u0105za\u0144 alternatywnych lub zwrotu ca\u0142ej wp\u0142aty.<\/p>","protected":false},"excerpt":{"rendered":"<p>Reservation: To confirm your reservation a 50% deposit is due within five working days. We reserve the right to treat any booking as cancelled if the amount due is not paid on time. The balance is due 30 days before arrival. For reservations in less than 30 days before the arrival date full payment is [&hellip;]<\/p>","protected":false},"author":1,"featured_media":0,"parent":8,"menu_order":20,"comment_status":"closed","ping_status":"closed","template":"","meta":{"footnotes":""},"class_list":["post-111","page","type-page","status-publish","hentry"],"_links":{"self":[{"href":"https:\/\/happyiguanacompany.com\/pl\/wp-json\/wp\/v2\/pages\/111","targetHints":{"allow":["GET"]}}],"collection":[{"href":"https:\/\/happyiguanacompany.com\/pl\/wp-json\/wp\/v2\/pages"}],"about":[{"href":"https:\/\/happyiguanacompany.com\/pl\/wp-json\/wp\/v2\/types\/page"}],"author":[{"embeddable":true,"href":"https:\/\/happyiguanacompany.com\/pl\/wp-json\/wp\/v2\/users\/1"}],"replies":[{"embeddable":true,"href":"https:\/\/happyiguanacompany.com\/pl\/wp-json\/wp\/v2\/comments?post=111"}],"version-history":[{"count":12,"href":"https:\/\/happyiguanacompany.com\/pl\/wp-json\/wp\/v2\/pages\/111\/revisions"}],"predecessor-version":[{"id":3935,"href":"https:\/\/happyiguanacompany.com\/pl\/wp-json\/wp\/v2\/pages\/111\/revisions\/3935"}],"up":[{"embeddable":true,"href":"https:\/\/happyiguanacompany.com\/pl\/wp-json\/wp\/v2\/pages\/8"}],"wp:attachment":[{"href":"https:\/\/happyiguanacompany.com\/pl\/wp-json\/wp\/v2\/media?parent=111"}],"curies":[{"name":"wp","href":"https:\/\/api.w.org\/{rel}","templated":true}]}}