{"id":115,"date":"2016-05-03T15:44:31","date_gmt":"2016-05-03T20:44:31","guid":{"rendered":"http:\/\/happyiguanacompany.duzy.pl\/?page_id=115"},"modified":"2023-03-30T15:48:56","modified_gmt":"2023-03-30T20:48:56","slug":"privacy-policy","status":"publish","type":"page","link":"https:\/\/happyiguanacompany.com\/pl\/privacy-policy\/","title":{"rendered":"Polityka prywatno\u015bci"},"content":{"rendered":"<p>Korzystaj\u0105c z tej strony internetowej, wyra\u017casz zgod\u0119 na wszystkie dzia\u0142ania podejmowane przez nas w odniesieniu do Twoich danych osobowych, zgodnie z niniejsz\u0105 polityk\u0105 prywatno\u015bci. Je\u015bli nie zgadzasz si\u0119 na gromadzenie, przetwarzanie i przekazywanie przez nas Twoich danych osobowych zgodnie z niniejsz\u0105 polityk\u0105 prywatno\u015bci, nie korzystaj z tej witryny i nie przesy\u0142aj swoich danych osobowych.<br \/>\nTa strona internetowa zawiera linki do innych stron internetowych os\u00f3b trzecich. W\u0142a\u015bciciel serwisu nie kontroluje i nie ponosi odpowiedzialno\u015bci za dzia\u0142anie takich serwis\u00f3w. Je\u015bli masz pytania dotycz\u0105ce ich praktyk w zakresie prywatno\u015bci, zapoznaj si\u0119 z polityk\u0105 prywatno\u015bci tych witryn.<\/p>\n<p><span style=\"color: #000000;\">Mi\u0119dzynarodowy transfer Twoich danych osobowych:<\/span><\/p>\n<p style=\"padding-left: 30px;\">Dane Osobowe zbierane za po\u015brednictwem serwisu s\u0105 przechowywane na serwerach zlokalizowanych w Polsce. W niekt\u00f3rych przypadkach Twoje dane osobowe mog\u0105 by\u0107 r\u00f3wnie\u017c przechowywane na serwerach w kraju, z kt\u00f3rego sprzedajemy lub wprowadzamy na rynek do wskazanej przez Ciebie lokalizacji.<\/p>\n<p><span style=\"color: #000000;\">Dane osobowe, kt\u00f3re nam przekazujesz:<\/span><\/p>\n<p style=\"padding-left: 30px;\">Gromadzimy dane osobowe, kt\u00f3re zdecydujesz si\u0119 wprowadzi\u0107 na stronie internetowej. Oto przyk\u0142ady gromadzonych informacji i cel\u00f3w, dla kt\u00f3rych s\u0105 one wymagane:<\/p>\n<p style=\"padding-left: 30px;\">Formularze kontaktowe: Mo\u017cesz przes\u0142a\u0107 zapytanie lub komentarz do firmy Happy Iguana wraz ze swoim imieniem i nazwiskiem oraz adresem e-mail. Informacje te s\u0105 wykorzystywane w celu udzielenia odpowiedzi na Twoje zapytanie.<br \/>\nKwestionariusze i ankiety: Mo\u017cemy poprosi\u0107 u\u017cytkownik\u00f3w strony internetowej o wype\u0142nienie opcjonalnych ankiet online i ankiet w celu uzyskania ich opinii na temat naszych obecnych lub planowanych us\u0142ug i ich wykorzystania. Ankiety te pomagaj\u0105 nam lepiej spe\u0142nia\u0107 Twoje potrzeby. Podczas przeprowadzania tych ankiet mo\u017cemy poprosi\u0107 Ci\u0119 o podanie imienia i nazwiska oraz danych kontaktowych, aby\u015bmy mogli przekaza\u0107 Ci informacje o naszych us\u0142ugach.<br \/>\nWiadomo\u015bci e-mail w celu uzyskania informacji marketingowych: Je\u015bli podasz nam sw\u00f3j adres e-mail, mo\u017cemy wysy\u0142a\u0107 na Tw\u00f3j adres e-mail przydatne informacje o naszych produktach i us\u0142ugach, takie jak reklamy, filmy, konkursy, rabaty i e-biuletyny. Wi\u0119cej informacji na temat rezygnacji lub rezygnacji z otrzymywania takich wiadomo\u015bci e-mail mo\u017cna znale\u017a\u0107 na ko\u0144cu tego dokumentu.<br \/>\nWszelkie inne formy kontaktu, w kt\u00f3rych dobrowolnie poda\u0142e\u015b swoje dane osobowe: Mo\u017cesz przekaza\u0107 nam swoje dane osobowe w inny spos\u00f3b, na przyk\u0142ad poprzez kontakt osobisty, pola komentarzy na stronie internetowej lub przez e-maile. B\u0119dziemy przetwarza\u0107 wszelkie takie dane osobowe zgodnie z niniejsz\u0105 Polityk\u0105 prywatno\u015bci.<\/p>\n<p><span style=\"color: #000000;\">Dane osobowe z innych \u017ar\u00f3de\u0142:&nbsp;<\/span> We track information about the visits to the website through various methods, including the use of cookies.&nbsp; These statistics are analyzed using Google Analytics. The results are used internally to better provide services to users and are not provided to other organizations. You can prevent Google Analytics from recognizing you on return visits to this site by disabling cookies on your browser.<\/p>\n<p style=\"padding-left: 30px;\"><span style=\"color: #333333;\">Cookies:&nbsp; <\/span>Zapoznaj si\u0119 z polityk\u0105 plik\u00f3w cookie WordPress, aby dowiedzie\u0107 si\u0119, w jaki spos\u00f3b zbieramy informacje za pomoc\u0105 plik\u00f3w cookie na stronie internetowej.<br \/>\nLog files: Witryna wykorzystuje adresy protoko\u0142u internetowego (\u201eIP\u201d) do analizowania trend\u00f3w, administrowania witryn\u0105, \u015bledzenia ruch\u00f3w u\u017cytkownik\u00f3w i gromadzenia szerokich informacji demograficznych do og\u00f3lnego u\u017cytku. Nie \u0142\u0105czymy adres\u00f3w IP z danymi osobowymi. Dostawca us\u0142ug internetowych (\u201eISP\u201d) zazwyczaj przydziela losowy dynamiczny adres IP w momencie po\u0142\u0105czenia. W przypadku u\u017cytkownik\u00f3w sieci lokalnej (\u201eLAN\u201d), DSL lub modemu kablowego statyczny adres IP mo\u017ce by\u0107 na sta\u0142e przypisany do okre\u015blonego komputera. Mo\u017cemy rejestrowa\u0107 adresy IP os\u00f3b odwiedzaj\u0105cych witryn\u0119. Chocia\u017c adres IP mo\u017ce ujawni\u0107 Twojego dostawc\u0119 us\u0142ug internetowych lub obszar geograficzny, nie mo\u017cemy ustali\u0107 Twojej to\u017csamo\u015bci wy\u0142\u0105cznie na podstawie Twojego adresu IP.<br \/>\nRemarketing: When you visit our website, cookies may be placed on your computer (or other device you use to browse the web) that tell third party vendors like Google to show you advertising&nbsp; (\u201cRemarketing Cookies\u201d).&nbsp; As a result, these third party vendors may display ads to you on sites across the Internet. Remarketing Cookies only collect information about what webpages you have visited on the website in order to show you ads about products that may interest you. You may opt out of Google\u2019s use of cookies by visiting Google\u2019s Ads Settings.<\/p>\n<p><span style=\"color: #000000;\">-<\/span><\/p>\n<p style=\"padding-left: 30px;\">-<\/p>\n<p><span style=\"color: #000000;\">Jak chronimy Twoje dane osobowe:<\/span><\/p>\n<p style=\"padding-left: 30px;\">Data security:&nbsp; We will take reasonable steps to protect the personal information it collects from loss, misuse, unauthorized access, disclosure, alteration, and destruction. Please note that despite our reasonable efforts, no security measure is ever perfect or impenetrable, so we cannot guarantee the security of your Personal Information.<br \/>\nTwoje wybory dotycz\u0105ce gromadzonych przez nas informacji: Rezygnacja z subskrypcji wiadomo\u015bci e-mail \u2014 mo\u017cesz zrezygnowa\u0107 z otrzymywania marketingowych lub promocyjnych wiadomo\u015bci e-mail, wysy\u0142aj\u0105c do nas wiadomo\u015b\u0107 e-mail z pro\u015bb\u0105 o anulowanie subskrypcji.<br \/>\nUpdating Personal Information:&nbsp; You may use the contact form to provide us with your updated or corrected personal information or to request that we delete your Personal Information.<br \/>\nJe\u015bli masz jakiekolwiek obawy dotycz\u0105ce prywatno\u015bci podanych danych osobowych, napisz do nas.<\/p>\n<p><span style=\"color: #000000;\">Kontakt z nami:<\/span><\/p>\n<p style=\"padding-left: 30px;\">Je\u015bli masz jakiekolwiek pytania dotycz\u0105ce niniejszego o\u015bwiadczenia o ochronie prywatno\u015bci, praktyk witryny internetowej lub Twoich kontakt\u00f3w z witryn\u0105 internetow\u0105, mo\u017cesz wys\u0142a\u0107 do nas e-mail.<\/p>","protected":false},"excerpt":{"rendered":"<p>By using this website you consent to all actions taken by us with respect to your personal information as stated in this Privacy Policy. If you do not consent to our collection, processing, and transfer of your personal information as described in this Privacy Policy, do not use this website and do not submit your [&hellip;]<\/p>","protected":false},"author":1,"featured_media":0,"parent":0,"menu_order":90,"comment_status":"closed","ping_status":"closed","template":"","meta":{"footnotes":""},"class_list":["post-115","page","type-page","status-publish","hentry"],"_links":{"self":[{"href":"https:\/\/happyiguanacompany.com\/pl\/wp-json\/wp\/v2\/pages\/115","targetHints":{"allow":["GET"]}}],"collection":[{"href":"https:\/\/happyiguanacompany.com\/pl\/wp-json\/wp\/v2\/pages"}],"about":[{"href":"https:\/\/happyiguanacompany.com\/pl\/wp-json\/wp\/v2\/types\/page"}],"author":[{"embeddable":true,"href":"https:\/\/happyiguanacompany.com\/pl\/wp-json\/wp\/v2\/users\/1"}],"replies":[{"embeddable":true,"href":"https:\/\/happyiguanacompany.com\/pl\/wp-json\/wp\/v2\/comments?post=115"}],"version-history":[{"count":6,"href":"https:\/\/happyiguanacompany.com\/pl\/wp-json\/wp\/v2\/pages\/115\/revisions"}],"predecessor-version":[{"id":3943,"href":"https:\/\/happyiguanacompany.com\/pl\/wp-json\/wp\/v2\/pages\/115\/revisions\/3943"}],"wp:attachment":[{"href":"https:\/\/happyiguanacompany.com\/pl\/wp-json\/wp\/v2\/media?parent=115"}],"curies":[{"name":"wp","href":"https:\/\/api.w.org\/{rel}","templated":true}]}}