{"id":2215,"date":"2019-06-14T17:09:01","date_gmt":"2019-06-14T22:09:01","guid":{"rendered":"http:\/\/happyiguanacompany.com\/?page_id=2215"},"modified":"2024-04-22T14:09:21","modified_gmt":"2024-04-22T19:09:21","slug":"about1","status":"publish","type":"page","link":"https:\/\/happyiguanacompany.com\/pl\/about1\/","title":{"rendered":"O nas"},"content":{"rendered":"<div id=\"pl-2215\"  class=\"panel-layout\" ><div id=\"pg-2215-0\"  class=\"panel-grid panel-no-style\" ><div id=\"pgc-2215-0-0\"  class=\"panel-grid-cell\" ><div id=\"panel-2215-0-0-0\" class=\"so-panel widget widget_sow-editor panel-first-child panel-last-child\" data-index=\"0\" ><div\n\t\t\t\n\t\t\tclass=\"so-widget-sow-editor so-widget-sow-editor-base\"\n\t\t\t\n\t\t>\n<div class=\"siteorigin-widget-tinymce textwidget\">\n\t<p>&nbsp;<\/p>\n<p>Happy Iguana Company\u2120 koncentruje si\u0119 na rozwoju program\u00f3w, kt\u00f3re maj\u0105 na celu bezpo\u015bredni\u0105 pomoc ludziom w podnoszeniu ich dochod\u00f3w i standardu \u017cycia.<\/p>\n<p>Promujemy ochron\u0119 \u015brodowiaka, sprawiedliwo\u015b\u0107 spo\u0142eczn\u0105 i rozw\u00f3j ekonomiczny spo\u0142eczno\u015bci lokalnych. Cenimy kontakty z lokaln\u0105 ludno\u015bci\u0105, kt\u00f3re pomagaj\u0105 lepiej zrozumie\u0107 lokalne problemy kulturowe, spo\u0142eczne i \u015brodowiskowe.<\/p>\n<p>Naszym celem jest wspieranie ochrony naturalnego i kulturowego dziedzictwa Meksyku.<\/p>\n<p>Kasia jest licencjonowanym przewodnikiem wycieczek,. Wa\u017cna jest dla niej ci\u0105g\u0142e podnoszenie kwalifikacji. Rodowita Polka, m\u00f3wi r\u00f3wnie\u017c po angielsku i hiszpa\u0144sku.<\/p>\n<\/div>\n<\/div><\/div><\/div><div id=\"pgc-2215-0-1\"  class=\"panel-grid-cell\" ><div id=\"panel-2215-0-1-0\" class=\"so-panel widget widget_sow-image panel-first-child panel-last-child\" data-index=\"1\" ><div\n\t\t\t\n\t\t\tclass=\"so-widget-sow-image so-widget-sow-image-default-8b5b6f678277-2215\"\n\t\t\t\n\t\t>\n<div class=\"sow-image-container\">\n\t\t<img \n\tsrc=\"https:\/\/happyiguanacompany.com\/wp-content\/uploads\/2023\/03\/1-1.jpg\" width=\"2000\" height=\"1600\" srcset=\"https:\/\/happyiguanacompany.com\/wp-content\/uploads\/2023\/03\/1-1.jpg 2000w, https:\/\/happyiguanacompany.com\/wp-content\/uploads\/2023\/03\/1-1-300x240.jpg 300w, https:\/\/happyiguanacompany.com\/wp-content\/uploads\/2023\/03\/1-1-1024x819.jpg 1024w, https:\/\/happyiguanacompany.com\/wp-content\/uploads\/2023\/03\/1-1-768x614.jpg 768w, https:\/\/happyiguanacompany.com\/wp-content\/uploads\/2023\/03\/1-1-1536x1229.jpg 1536w, https:\/\/happyiguanacompany.com\/wp-content\/uploads\/2023\/03\/1-1-15x12.jpg 15w\" sizes=\"(max-width: 2000px) 100vw, 2000px\" title=\"1\" alt=\"\" \t\tclass=\"so-widget-image\"\/>\n\t<\/div>\n\n<\/div><\/div><\/div><\/div><div id=\"pg-2215-1\"  class=\"panel-grid panel-no-style\" ><div id=\"pgc-2215-1-0\"  class=\"panel-grid-cell\" ><div id=\"panel-2215-1-0-0\" class=\"so-panel widget widget_sow-image panel-first-child panel-last-child\" data-index=\"2\" ><div\n\t\t\t\n\t\t\tclass=\"so-widget-sow-image so-widget-sow-image-default-8b5b6f678277-2215\"\n\t\t\t\n\t\t>\n<div class=\"sow-image-container\">\n\t\t<img \n\tsrc=\"https:\/\/happyiguanacompany.com\/wp-content\/uploads\/2023\/03\/2-1.jpg\" width=\"2000\" height=\"1600\" srcset=\"https:\/\/happyiguanacompany.com\/wp-content\/uploads\/2023\/03\/2-1.jpg 2000w, https:\/\/happyiguanacompany.com\/wp-content\/uploads\/2023\/03\/2-1-300x240.jpg 300w, https:\/\/happyiguanacompany.com\/wp-content\/uploads\/2023\/03\/2-1-1024x819.jpg 1024w, https:\/\/happyiguanacompany.com\/wp-content\/uploads\/2023\/03\/2-1-768x614.jpg 768w, https:\/\/happyiguanacompany.com\/wp-content\/uploads\/2023\/03\/2-1-1536x1229.jpg 1536w, https:\/\/happyiguanacompany.com\/wp-content\/uploads\/2023\/03\/2-1-15x12.jpg 15w\" sizes=\"(max-width: 2000px) 100vw, 2000px\" title=\"2\" alt=\"\" \t\tclass=\"so-widget-image\"\/>\n\t<\/div>\n\n<\/div><\/div><\/div><div id=\"pgc-2215-1-1\"  class=\"panel-grid-cell\" ><div id=\"panel-2215-1-1-0\" class=\"so-panel widget widget_sow-editor panel-first-child panel-last-child\" data-index=\"3\" ><div\n\t\t\t\n\t\t\tclass=\"so-widget-sow-editor so-widget-sow-editor-base\"\n\t\t\t\n\t\t>\n<div class=\"siteorigin-widget-tinymce textwidget\">\n\t<p>&nbsp;<\/p>\n<p><em><a href=\"http:\/\/happyiguanacompany.com\/pl\/certificates-of-excellence\/\" target=\"_blank\" rel=\"noopener noreferrer\"><span style=\"color: #ff9900;\">Certyfikaty<\/span><\/a><\/em><\/p>\n<p>Licencjonowany przewodnik turystyczny NOM-08-TUR-2002. Numer licencji: N009194<\/p>\n<p>Firma obs\u0142ugiwana przez Iguanafeliz SA de CV. Numer licencji: 08165118<\/p>\n<p>Firma zarejestrowana w Krajowym Rejestrze Turystyki (RNT)<\/p>\n<p><span class=\"HwtZe\" lang=\"en\"><span class=\"jCAhz ChMk0b\"><span class=\"ryNqvb\">Dostawca us\u0142ug turystycznych.<\/span><\/span> <span class=\"jCAhz ChMk0b\"><span class=\"ryNqvb\">Biuro podr\u00f3\u017cy. <\/span><\/span><\/span>Numer licencji: 04230080286<\/p>\n<\/div>\n<\/div><\/div><\/div><\/div><div id=\"pg-2215-2\"  class=\"panel-grid panel-no-style\" ><div id=\"pgc-2215-2-0\"  class=\"panel-grid-cell\" ><div id=\"panel-2215-2-0-0\" class=\"so-panel widget widget_sow-editor panel-first-child panel-last-child\" data-index=\"4\" ><div\n\t\t\t\n\t\t\tclass=\"so-widget-sow-editor so-widget-sow-editor-base\"\n\t\t\t\n\t\t>\n<div class=\"siteorigin-widget-tinymce textwidget\">\n\t<p>Uko\u0144czone kursy:<\/p>\n<ul>\n<li>Manejo de grupos tur\u00edsticos para temas etnogr\u00e1ficos de Quintana Roo \/ Zarz\u0105dzanie grupami turystycznymi o tematyce etnograficznej Quintana Roo<\/li>\n<li>El papel de la mujer en Mezoamerica \/ Rola kobiet w Mezoameryce<\/li>\n<li>Historia y arqueolog\u00eda del M\u00e9xico independiente \/ Historia i archeologia niepodleg\u0142ego Meksyku.<\/li>\n<li>Reptiles de M\u00e9xico \/ Gady Meksyku.<\/li>\n<li>Historia y pr\u00e1cticas de etnobiologia en M\u00e9xico \/ Historia i praktyka etnobiologii w Meksyku.<\/li>\n<li>Pasado y presente de la medicina ind\u00edgena de M\u00e9xico \/ <span class=\"HwtZe\" lang=\"en\"><span class=\"jCAhz ChMk0b\"><span class=\"ryNqvb\">Przesz\u0142o\u015b\u0107 i tera\u017aniejszo\u015b\u0107 tradycyjnej medycyny Meksyku.<\/span><\/span><\/span>.<\/li>\n<li>Comida divina: el ma\u00edz magueyes aguamieleros, pulque y aguacates, cacao y vanilla, chiles \/ Boskie jedzenie: kukurydza, syrop z agawy, pulque i awokado, kakao i wanilia, chili.<\/li>\n<li>La muerte entre los mayas \/ \u015amier\u0107 wed\u0142\u00f3g Maj\u00f3w.<\/li>\n<\/ul>\n<\/div>\n<\/div><\/div><\/div><div id=\"pgc-2215-2-1\"  class=\"panel-grid-cell\" ><div id=\"panel-2215-2-1-0\" class=\"so-panel widget widget_sow-image panel-first-child panel-last-child\" data-index=\"5\" ><div\n\t\t\t\n\t\t\tclass=\"so-widget-sow-image so-widget-sow-image-default-8b5b6f678277-2215\"\n\t\t\t\n\t\t>\n<div class=\"sow-image-container\">\n\t\t<img \n\tsrc=\"https:\/\/happyiguanacompany.com\/wp-content\/uploads\/2023\/03\/COLLAGE-1a.jpg\" width=\"2000\" height=\"1600\" srcset=\"https:\/\/happyiguanacompany.com\/wp-content\/uploads\/2023\/03\/COLLAGE-1a.jpg 2000w, https:\/\/happyiguanacompany.com\/wp-content\/uploads\/2023\/03\/COLLAGE-1a-300x240.jpg 300w, https:\/\/happyiguanacompany.com\/wp-content\/uploads\/2023\/03\/COLLAGE-1a-1024x819.jpg 1024w, https:\/\/happyiguanacompany.com\/wp-content\/uploads\/2023\/03\/COLLAGE-1a-768x614.jpg 768w, https:\/\/happyiguanacompany.com\/wp-content\/uploads\/2023\/03\/COLLAGE-1a-1536x1229.jpg 1536w, https:\/\/happyiguanacompany.com\/wp-content\/uploads\/2023\/03\/COLLAGE-1a-15x12.jpg 15w\" sizes=\"(max-width: 2000px) 100vw, 2000px\" title=\"COLLAGE 1a\" alt=\"\" \t\tclass=\"so-widget-image\"\/>\n\t<\/div>\n\n<\/div><\/div><\/div><\/div><div id=\"pg-2215-3\"  class=\"panel-grid panel-no-style\" ><div id=\"pgc-2215-3-0\"  class=\"panel-grid-cell\" ><div id=\"panel-2215-3-0-0\" class=\"so-panel widget widget_sow-image panel-first-child panel-last-child\" data-index=\"6\" ><div\n\t\t\t\n\t\t\tclass=\"so-widget-sow-image so-widget-sow-image-default-8b5b6f678277-2215\"\n\t\t\t\n\t\t>\n<div class=\"sow-image-container\">\n\t\t<img \n\tsrc=\"https:\/\/happyiguanacompany.com\/wp-content\/uploads\/2022\/09\/20190327_081359_edited-scaled.jpg\" width=\"2560\" height=\"640\" srcset=\"https:\/\/happyiguanacompany.com\/wp-content\/uploads\/2022\/09\/20190327_081359_edited-scaled.jpg 2560w, https:\/\/happyiguanacompany.com\/wp-content\/uploads\/2022\/09\/20190327_081359_edited-300x75.jpg 300w, https:\/\/happyiguanacompany.com\/wp-content\/uploads\/2022\/09\/20190327_081359_edited-1024x256.jpg 1024w, https:\/\/happyiguanacompany.com\/wp-content\/uploads\/2022\/09\/20190327_081359_edited-768x192.jpg 768w, https:\/\/happyiguanacompany.com\/wp-content\/uploads\/2022\/09\/20190327_081359_edited-1536x384.jpg 1536w, https:\/\/happyiguanacompany.com\/wp-content\/uploads\/2022\/09\/20190327_081359_edited-2048x512.jpg 2048w\" sizes=\"(max-width: 2560px) 100vw, 2560px\" title=\"20190327_081359_edited\" alt=\"\" \t\tclass=\"so-widget-image\"\/>\n\t<\/div>\n\n<\/div><\/div><\/div><\/div><\/div>","protected":false},"excerpt":{"rendered":"<p>&nbsp; Happy Iguana Company\u2120 focuses on the development of programs that seek to directly help people raise their incomes and standards of living. We promote environmental integrity, social justice and economic development of the local communities. We value meaningful connections with local people that help better understanding of local cultural, social and environmental issues. Our [&hellip;]<\/p>\n","protected":false},"author":1,"featured_media":0,"parent":0,"menu_order":5,"comment_status":"closed","ping_status":"closed","template":"","meta":{"footnotes":""},"class_list":["post-2215","page","type-page","status-publish","hentry"],"_links":{"self":[{"href":"https:\/\/happyiguanacompany.com\/pl\/wp-json\/wp\/v2\/pages\/2215","targetHints":{"allow":["GET"]}}],"collection":[{"href":"https:\/\/happyiguanacompany.com\/pl\/wp-json\/wp\/v2\/pages"}],"about":[{"href":"https:\/\/happyiguanacompany.com\/pl\/wp-json\/wp\/v2\/types\/page"}],"author":[{"embeddable":true,"href":"https:\/\/happyiguanacompany.com\/pl\/wp-json\/wp\/v2\/users\/1"}],"replies":[{"embeddable":true,"href":"https:\/\/happyiguanacompany.com\/pl\/wp-json\/wp\/v2\/comments?post=2215"}],"version-history":[{"count":86,"href":"https:\/\/happyiguanacompany.com\/pl\/wp-json\/wp\/v2\/pages\/2215\/revisions"}],"predecessor-version":[{"id":2218,"href":"https:\/\/happyiguanacompany.com\/pl\/wp-json\/wp\/v2\/pages\/2215\/revisions\/2218"}],"wp:attachment":[{"href":"https:\/\/happyiguanacompany.com\/pl\/wp-json\/wp\/v2\/media?parent=2215"}],"curies":[{"name":"wp","href":"https:\/\/api.w.org\/{rel}","templated":true}]}}