{"id":2653,"date":"2020-07-03T13:34:46","date_gmt":"2020-07-03T18:34:46","guid":{"rendered":"http:\/\/happyiguanacompany.com\/?page_id=2653"},"modified":"2025-03-04T09:16:46","modified_gmt":"2025-03-04T14:16:46","slug":"viva-mexico","status":"publish","type":"page","link":"https:\/\/happyiguanacompany.com\/pl\/","title":{"rendered":"Happy Iguana Company \u2013 Twoje wycieczki w Meksyku"},"content":{"rendered":"<div id=\"pl-2653\"  class=\"panel-layout\" ><div id=\"pg-2653-0\"  class=\"panel-grid panel-has-style\" ><div class=\"siteorigin-panels-stretch panel-row-style panel-row-style-for-2653-0\" data-stretch-type=\"full-width-stretch\" ><div id=\"pgc-2653-0-0\"  class=\"panel-grid-cell\" ><div id=\"panel-2653-0-0-0\" class=\"so-panel widget widget_sow-slider panel-first-child panel-last-child\" data-index=\"0\" ><div\n\t\t\t\n\t\t\tclass=\"so-widget-sow-slider so-widget-sow-slider-default-6d39609536fd-2653\"\n\t\t\t\n\t\t>\t\t\t\t<div class=\"sow-slider-base\" style=\"display: none\" tabindex=\"0\">\n\t\t\t\t\t<ul\n\t\t\t\t\tclass=\"sow-slider-images\"\n\t\t\t\t\tdata-settings=\"{&quot;pagination&quot;:true,&quot;speed&quot;:800,&quot;timeout&quot;:8000,&quot;paused&quot;:false,&quot;pause_on_hover&quot;:false,&quot;swipe&quot;:false,&quot;nav_always_show_desktop&quot;:&quot;&quot;,&quot;nav_always_show_mobile&quot;:&quot;&quot;,&quot;breakpoint&quot;:&quot;780px&quot;,&quot;unmute&quot;:false,&quot;anchor&quot;:null}\"\n\t\t\t\t\t\t\t\t\t\tdata-anchor-id=\"\"\n\t\t\t\t>\t\t<li class=\"sow-slider-image\" style=\"visibility: visible;\" >\n\t\t\t\t\t\t<img loading=\"lazy\" decoding=\"async\" width=\"3264\" height=\"1840\" src=\"https:\/\/happyiguanacompany.com\/wp-content\/uploads\/2018\/05\/WP_20170110_12_22_32_Pro_edited.jpg\" class=\"sow-slider-background-image\" alt=\"\" style=\"\" srcset=\"https:\/\/happyiguanacompany.com\/wp-content\/uploads\/2018\/05\/WP_20170110_12_22_32_Pro_edited.jpg 3264w, https:\/\/happyiguanacompany.com\/wp-content\/uploads\/2018\/05\/WP_20170110_12_22_32_Pro_edited-300x169.jpg 300w, https:\/\/happyiguanacompany.com\/wp-content\/uploads\/2018\/05\/WP_20170110_12_22_32_Pro_edited-768x433.jpg 768w, https:\/\/happyiguanacompany.com\/wp-content\/uploads\/2018\/05\/WP_20170110_12_22_32_Pro_edited-1024x577.jpg 1024w\" sizes=\"auto, (max-width: 3264px) 100vw, 3264px\" \/>\t\t<\/li>\n\t\t<\/ul>\t\t\t\t<ol class=\"sow-slider-pagination\">\n\t\t\t\t\t\t\t\t\t\t\t<li><a href=\"#\" data-goto=\"0\" aria-label=\"Display slide 1\"><\/a><\/li>\n\t\t\t\t\t\t\t\t\t<\/ol>\n\n\t\t\t\t<div class=\"sow-slide-nav sow-slide-nav-next\">\n\t\t\t\t\t<a href=\"#\" data-goto=\"next\" aria-label=\"Next slide\" data-action=\"next\">\n\t\t\t\t\t\t<em class=\"sow-sld-icon-thin-right\"><\/em>\n\t\t\t\t\t<\/a>\n\t\t\t\t<\/div>\n\n\t\t\t\t<div class=\"sow-slide-nav sow-slide-nav-prev\">\n\t\t\t\t\t<a href=\"#\" data-goto=\"previous\" aria-label=\"Previous slide\" data-action=\"prev\">\n\t\t\t\t\t\t<em class=\"sow-sld-icon-thin-left\"><\/em>\n\t\t\t\t\t<\/a>\n\t\t\t\t<\/div>\n\t\t\t\t<\/div><\/div><\/div><\/div><\/div><\/div><div id=\"pg-2653-1\"  class=\"panel-grid panel-no-style\" ><div id=\"pgc-2653-1-0\"  class=\"panel-grid-cell\" ><div id=\"panel-2653-1-0-0\" class=\"so-panel widget widget_sow-editor panel-first-child panel-last-child\" data-index=\"1\" ><div\n\t\t\t\n\t\t\tclass=\"so-widget-sow-editor so-widget-sow-editor-base\"\n\t\t\t\n\t\t>\n<div class=\"siteorigin-widget-tinymce textwidget\">\n\t<p style=\"text-align: left;\"><span style=\"color: #f9a72b;\">Happy Iguana Company\u2120 koncentruje si\u0119 na rozwoju program\u00f3w, kt\u00f3re maj\u0105 na celu bezpo\u015bredni\u0105 pomoc ludziom w podnoszeniu ich dochod\u00f3w i standardu \u017cycia.\u00a0<\/span><span style=\"color: #f9a72b;\">Promujemy ochron\u0119 \u015brodowiaka, sprawiedliwo\u015b\u0107 spo\u0142eczn\u0105 i rozw\u00f3j ekonomiczny spo\u0142eczno\u015bci lokalnych. Cenimy kontakty z lokaln\u0105 ludno\u015bci\u0105, kt\u00f3re pomagaj\u0105 lepiej zrozumie\u0107 lokalne problemy kulturowe, spo\u0142eczne i \u015brodowiskowe.<\/span><\/p>\n<p><span style=\"color: #c94268;\">Naszym celem jest wspieranie ochrony naturalnego i kulturowego dziedzictwa Meksyku.<\/span><\/p>\n<p>&nbsp;<\/p>\n<\/div>\n<\/div><\/div><\/div><\/div><div id=\"pg-2653-2\"  class=\"panel-grid panel-no-style\" ><div id=\"pgc-2653-2-0\"  class=\"panel-grid-cell\" ><div id=\"panel-2653-2-0-0\" class=\"so-panel widget widget_sow-headline panel-first-child panel-last-child\" data-index=\"2\" ><div\n\t\t\t\n\t\t\tclass=\"so-widget-sow-headline so-widget-sow-headline-default-dbc91dbffc04-2653\"\n\t\t\t\n\t\t><div class=\"sow-headline-container\">\n\t\t\t\t\t\t\t<h2 class=\"sow-headline\">\n\t\t\t\t\t\tPolecamy:\t\t\t\t\t\t<\/h2>\n\t\t\t\t\t\t\t\t\t\t\t<div class=\"decoration\">\n\t\t\t\t\t\t<div class=\"decoration-inside\"><\/div>\n\t\t\t\t\t<\/div>\n\t\t\t\t\t<\/div>\n<\/div><\/div><\/div><\/div><div id=\"pg-2653-3\"  class=\"panel-grid panel-no-style\" ><div id=\"pgc-2653-3-0\"  class=\"panel-grid-cell\" ><div id=\"panel-2653-3-0-0\" class=\"so-panel widget widget_media_image panel-first-child panel-last-child\" data-index=\"3\" ><a href=\"http:\/\/happyiguanacompany.com\/pl\/chichen-itza-ikkill-valladolid\/\"><img loading=\"lazy\" decoding=\"async\" width=\"300\" height=\"251\" src=\"https:\/\/happyiguanacompany.com\/wp-content\/uploads\/2023\/03\/5-300x251.jpg\" class=\"image wp-image-3766  attachment-medium size-medium\" alt=\"\" style=\"max-width: 100%; height: auto;\" srcset=\"https:\/\/happyiguanacompany.com\/wp-content\/uploads\/2023\/03\/5-300x251.jpg 300w, https:\/\/happyiguanacompany.com\/wp-content\/uploads\/2023\/03\/5-768x644.jpg 768w, https:\/\/happyiguanacompany.com\/wp-content\/uploads\/2023\/03\/5-14x12.jpg 14w, https:\/\/happyiguanacompany.com\/wp-content\/uploads\/2023\/03\/5.jpg 940w\" sizes=\"auto, (max-width: 300px) 100vw, 300px\" \/><\/a><\/div><\/div><div id=\"pgc-2653-3-1\"  class=\"panel-grid-cell\" ><div id=\"panel-2653-3-1-0\" class=\"so-panel widget widget_media_image panel-first-child panel-last-child\" data-index=\"4\" ><a href=\"http:\/\/happyiguanacompany.com\/pl\/tulum-cenote\/\"><img loading=\"lazy\" decoding=\"async\" width=\"300\" height=\"251\" src=\"https:\/\/happyiguanacompany.com\/wp-content\/uploads\/2023\/03\/4-300x251.jpg\" class=\"image wp-image-3767  attachment-medium size-medium\" alt=\"\" style=\"max-width: 100%; height: auto;\" srcset=\"https:\/\/happyiguanacompany.com\/wp-content\/uploads\/2023\/03\/4-300x251.jpg 300w, https:\/\/happyiguanacompany.com\/wp-content\/uploads\/2023\/03\/4-768x644.jpg 768w, https:\/\/happyiguanacompany.com\/wp-content\/uploads\/2023\/03\/4-14x12.jpg 14w, https:\/\/happyiguanacompany.com\/wp-content\/uploads\/2023\/03\/4.jpg 940w\" sizes=\"auto, (max-width: 300px) 100vw, 300px\" \/><\/a><\/div><\/div><div id=\"pgc-2653-3-2\"  class=\"panel-grid-cell\" ><div id=\"panel-2653-3-2-0\" class=\"so-panel widget widget_media_image panel-first-child panel-last-child\" data-index=\"5\" ><a href=\"http:\/\/happyiguanacompany.com\/pl\/rio-lagartos-ek-balam\/\"><img loading=\"lazy\" decoding=\"async\" width=\"300\" height=\"251\" src=\"https:\/\/happyiguanacompany.com\/wp-content\/uploads\/2023\/03\/3-300x251.jpg\" class=\"image wp-image-3769  attachment-medium size-medium\" alt=\"\" style=\"max-width: 100%; height: auto;\" srcset=\"https:\/\/happyiguanacompany.com\/wp-content\/uploads\/2023\/03\/3-300x251.jpg 300w, https:\/\/happyiguanacompany.com\/wp-content\/uploads\/2023\/03\/3-768x644.jpg 768w, https:\/\/happyiguanacompany.com\/wp-content\/uploads\/2023\/03\/3-14x12.jpg 14w, https:\/\/happyiguanacompany.com\/wp-content\/uploads\/2023\/03\/3.jpg 940w\" sizes=\"auto, (max-width: 300px) 100vw, 300px\" \/><\/a><\/div><\/div><\/div><div id=\"pg-2653-4\"  class=\"panel-grid panel-no-style\" ><div id=\"pgc-2653-4-0\"  class=\"panel-grid-cell\" ><div id=\"panel-2653-4-0-0\" class=\"so-panel widget widget_media_image panel-first-child panel-last-child\" data-index=\"6\" ><a href=\"http:\/\/happyiguanacompany.com\/pl\/sian-kaan-reserve-day-tour-where-the-sky-comes-from\/\"><img loading=\"lazy\" decoding=\"async\" width=\"300\" height=\"251\" src=\"https:\/\/happyiguanacompany.com\/wp-content\/uploads\/2023\/03\/2-300x251.jpg\" class=\"image wp-image-3770  attachment-medium size-medium\" alt=\"\" style=\"max-width: 100%; height: auto;\" srcset=\"https:\/\/happyiguanacompany.com\/wp-content\/uploads\/2023\/03\/2-300x251.jpg 300w, https:\/\/happyiguanacompany.com\/wp-content\/uploads\/2023\/03\/2-768x644.jpg 768w, https:\/\/happyiguanacompany.com\/wp-content\/uploads\/2023\/03\/2-14x12.jpg 14w, https:\/\/happyiguanacompany.com\/wp-content\/uploads\/2023\/03\/2.jpg 940w\" sizes=\"auto, (max-width: 300px) 100vw, 300px\" \/><\/a><\/div><\/div><div id=\"pgc-2653-4-1\"  class=\"panel-grid-cell\" ><div id=\"panel-2653-4-1-0\" class=\"so-panel widget widget_media_image panel-first-child panel-last-child\" data-index=\"7\" ><a href=\"http:\/\/happyiguanacompany.com\/pl\/oaxaca-true-mexico\/\"><img loading=\"lazy\" decoding=\"async\" width=\"300\" height=\"251\" src=\"https:\/\/happyiguanacompany.com\/wp-content\/uploads\/2023\/03\/7a-300x251.jpg\" class=\"image wp-image-3831  attachment-medium size-medium\" alt=\"\" style=\"max-width: 100%; height: auto;\" srcset=\"https:\/\/happyiguanacompany.com\/wp-content\/uploads\/2023\/03\/7a-300x251.jpg 300w, https:\/\/happyiguanacompany.com\/wp-content\/uploads\/2023\/03\/7a-768x644.jpg 768w, https:\/\/happyiguanacompany.com\/wp-content\/uploads\/2023\/03\/7a-14x12.jpg 14w, https:\/\/happyiguanacompany.com\/wp-content\/uploads\/2023\/03\/7a.jpg 940w\" sizes=\"auto, (max-width: 300px) 100vw, 300px\" \/><\/a><\/div><\/div><div id=\"pgc-2653-4-2\"  class=\"panel-grid-cell\" ><div id=\"panel-2653-4-2-0\" class=\"so-panel widget widget_media_image panel-first-child panel-last-child\" data-index=\"8\" ><a href=\"http:\/\/happyiguanacompany.com\/pl\/magical-chiapas\/\"><img loading=\"lazy\" decoding=\"async\" width=\"300\" height=\"253\" src=\"https:\/\/happyiguanacompany.com\/wp-content\/uploads\/2025\/01\/Untitled-300x253.jpg\" class=\"image wp-image-4109  attachment-medium size-medium\" alt=\"\" style=\"max-width: 100%; height: auto;\" srcset=\"https:\/\/happyiguanacompany.com\/wp-content\/uploads\/2025\/01\/Untitled-300x253.jpg 300w, https:\/\/happyiguanacompany.com\/wp-content\/uploads\/2025\/01\/Untitled-14x12.jpg 14w, https:\/\/happyiguanacompany.com\/wp-content\/uploads\/2025\/01\/Untitled.jpg 556w\" sizes=\"auto, (max-width: 300px) 100vw, 300px\" \/><\/a><\/div><\/div><\/div><div id=\"pg-2653-5\"  class=\"panel-grid panel-has-style\" ><div class=\"panel-row-style panel-row-style-for-2653-5\" ><div id=\"pgc-2653-5-0\"  class=\"panel-grid-cell\" ><div id=\"panel-2653-5-0-0\" class=\"so-panel widget widget_sow-features panel-first-child panel-last-child\" data-index=\"9\" ><div\n\t\t\t\n\t\t\tclass=\"so-widget-sow-features so-widget-sow-features-default-a2525d48e4f4-2653\"\n\t\t\t\n\t\t><ul\n\tclass=\"sow-features-list\tsow-features-responsive\">\n\n\t\t\t<li\n\t\t\tclass=\"sow-features-feature sow-icon-container-position-top\"\n\t\t\tstyle=\"display: flex; flex-direction: column; width: calc(33.333% - 25px);\"\n\t\t>\n\t\t\t\n\t\t\t\t\t\t<a\t\t\t\tclass=\"sow-icon-container sow-container-sticker\"\n\t\t\t\tstyle=\"color: #f7a102; \"\n\t\t\t\t\n\t\t\t\t\t\t\t\t\thref=\"http:\/\/happyiguanacompany.com\/pl\/email-us\/\"\n\t\t\t\t\t\t\t\t>\n\t\t\t\t<span class=\"sow-icon-fontawesome sow-fas\" data-sow-icon=\"&#xf658;\"\n\t\tstyle=\"font-size: 64px; color: #FFFFFF\" \n\t\taria-hidden=\"true\"><\/span>\t\t\t<\/a>\n\n\t\t\t<div class=\"textwidget\">\n\t\t\t\t\n\t\t\t\t\t\t\t\t\t<h5 class=\"sow-features-feature-title\">\n\t\t\t\t\t\tEMAIL\t\t\t\t\t<\/h5>\n\t\t\t\t\n\t\t\t\t\t\t\t\t\t<div class=\"sow-features-feature-text\">\n\t\t\t\t\t<p>kasia@happyiguanacompany.com<\/p>\n\t\t\t\t\t<\/div>\n\t\t\t\t\t\t\t\t<\/div>\n\t\t\t\t\t\t\t\t<\/li>\n\n\t\t\t<li\n\t\t\tclass=\"sow-features-feature sow-icon-container-position-top\"\n\t\t\tstyle=\"display: flex; flex-direction: column; width: calc(33.333% - 25px);\"\n\t\t>\n\t\t\t\n\t\t\t\t\t\t<a\t\t\t\tclass=\"sow-icon-container sow-container-sticker\"\n\t\t\t\tstyle=\"color: #f7a102; \"\n\t\t\t\t\n\t\t\t\t\t\t\t\t\thref=\"https:\/\/www.whatsapp.com\/download\/\/\"\n\t\t\t\t\t\t\t\t>\n\t\t\t\t<span class=\"sow-icon-fontawesome sow-fas\" data-sow-icon=\"&#xf2a0;\"\n\t\tstyle=\"font-size: 64px; color: #ffffff\" \n\t\taria-hidden=\"true\"><\/span>\t\t\t<\/a>\n\n\t\t\t<div class=\"textwidget\">\n\t\t\t\t\n\t\t\t\t\t\t\t\t\t<h5 class=\"sow-features-feature-title\">\n\t\t\t\t\t\tTelefon kontaktowy (Whatsapp)\t\t\t\t\t<\/h5>\n\t\t\t\t\n\t\t\t\t\t\t\t\t\t<div class=\"sow-features-feature-text\">\n\t\t\t\t\t<p>+52 984 2030 084<\/p>\n\t\t\t\t\t<\/div>\n\t\t\t\t\t\t\t\t<\/div>\n\t\t\t\t\t\t\t\t<\/li>\n\n\t\t\t<li\n\t\t\tclass=\"sow-features-feature sow-icon-container-position-top\"\n\t\t\tstyle=\"display: flex; flex-direction: column; width: calc(33.333% - 25px);\"\n\t\t>\n\t\t\t\n\t\t\t\t\t\t<a\t\t\t\tclass=\"sow-icon-container sow-container-sticker\"\n\t\t\t\tstyle=\"color: #f7a102; \"\n\t\t\t\t\n\t\t\t\t\t\t\t\t\thref=\"https:\/\/www.google.com\/maps\/place\/Casa+de+Salseros%E2%84%A0\/@20.6384753,-87.0709697,17z\/data=!3m1!4b1!4m5!3m4!1s0x8f4e43ac2b79de93:0x3da8314af7e7b68f!8m2!3d20.6384753!4d-87.068781\"\n\t\t\t\t\t\t\t\t>\n\t\t\t\t<span class=\"sow-icon-fontawesome sow-fas\" data-sow-icon=\"&#xe1b0;\"\n\t\tstyle=\"font-size: 64px; color: #FFFFFF\" \n\t\taria-hidden=\"true\"><\/span>\t\t\t<\/a>\n\n\t\t\t<div class=\"textwidget\">\n\t\t\t\t\n\t\t\t\t\t\t\t\t\t<h5 class=\"sow-features-feature-title\">\n\t\t\t\t\t\tNasze biuro\t\t\t\t\t<\/h5>\n\t\t\t\t\n\t\t\t\t\t\t\t\t\t<div class=\"sow-features-feature-text\">\n\t\t\t\t\t<p>Calle 40 Nte, 77720 Playa del Carmen, QROO Mexico.<\/p>\n\t\t\t\t\t<\/div>\n\t\t\t\t\t\t\t\t<\/div>\n\t\t\t\t\t\t\t\t<\/li>\n\n\t<\/ul>\n<\/div><\/div><\/div><\/div><\/div><div id=\"pg-2653-6\"  class=\"panel-grid panel-no-style\" ><div id=\"pgc-2653-6-0\"  class=\"panel-grid-cell\" ><div id=\"panel-2653-6-0-0\" class=\"so-panel widget widget_sow-hero panel-first-child panel-last-child\" data-index=\"10\" ><div\n\t\t\t\n\t\t\tclass=\"so-widget-sow-hero so-widget-sow-hero-default-93415d0e2dbf-2653 so-widget-fittext-wrapper\"\n\t\t\t data-fit-text-compressor=\"0.85\"\n\t\t>\t\t\t\t<div class=\"sow-slider-base\" style=\"display: none\" tabindex=\"0\">\n\t\t\t\t\t<ul\n\t\t\t\t\tclass=\"sow-slider-images\"\n\t\t\t\t\tdata-settings=\"{&quot;pagination&quot;:true,&quot;speed&quot;:800,&quot;timeout&quot;:8000,&quot;paused&quot;:false,&quot;pause_on_hover&quot;:false,&quot;swipe&quot;:true,&quot;nav_always_show_desktop&quot;:&quot;&quot;,&quot;nav_always_show_mobile&quot;:&quot;&quot;,&quot;breakpoint&quot;:&quot;780px&quot;,&quot;unmute&quot;:false,&quot;anchor&quot;:null}\"\n\t\t\t\t\t\t\t\t\t\tdata-anchor-id=\"\"\n\t\t\t\t>\t\t<li class=\"sow-slider-image  sow-slider-image-cover\" style=\"visibility: visible;;background-color: #333333;background-image: url(https:\/\/happyiguanacompany.com\/wp-content\/uploads\/2020\/06\/IMG-20200318-WA0049.jpg)\" >\n\t\t\t\t\t<div class=\"sow-slider-image-container\">\n\t\t\t<div class=\"sow-slider-image-wrapper\">\n\t\t\t\t<h2><\/h2>\n<p>&nbsp;<\/p>\n<p>&nbsp;<\/p>\n\t\t\t<\/div>\n\t\t<\/div>\n\t\t\t\t<\/li>\n\t\t<\/ul>\t\t\t\t<ol class=\"sow-slider-pagination\">\n\t\t\t\t\t\t\t\t\t\t\t<li><a href=\"#\" data-goto=\"0\" aria-label=\"Display slide 1\"><\/a><\/li>\n\t\t\t\t\t\t\t\t\t<\/ol>\n\n\t\t\t\t<div class=\"sow-slide-nav sow-slide-nav-next\">\n\t\t\t\t\t<a href=\"#\" data-goto=\"next\" aria-label=\"Next slide\" data-action=\"next\">\n\t\t\t\t\t\t<em class=\"sow-sld-icon-thin-right\"><\/em>\n\t\t\t\t\t<\/a>\n\t\t\t\t<\/div>\n\n\t\t\t\t<div class=\"sow-slide-nav sow-slide-nav-prev\">\n\t\t\t\t\t<a href=\"#\" data-goto=\"previous\" aria-label=\"Previous slide\" data-action=\"prev\">\n\t\t\t\t\t\t<em class=\"sow-sld-icon-thin-left\"><\/em>\n\t\t\t\t\t<\/a>\n\t\t\t\t<\/div>\n\t\t\t\t<\/div><\/div><\/div><\/div><\/div><div id=\"pg-2653-7\"  class=\"panel-grid panel-no-style\" ><div id=\"pgc-2653-7-0\"  class=\"panel-grid-cell\" ><div id=\"panel-2653-7-0-0\" class=\"so-panel widget widget_sow-editor panel-first-child panel-last-child\" data-index=\"11\" ><div\n\t\t\t\n\t\t\tclass=\"so-widget-sow-editor so-widget-sow-editor-base\"\n\t\t\t\n\t\t>\n<div class=\"siteorigin-widget-tinymce textwidget\">\n\t<p><em><span class=\"HwtZe\" lang=\"en\"><span class=\"jCAhz ChMk0b\"><span class=\"ryNqvb\">*Wszystkie fotografie i filmy opublikowane na tej stronie zostaly zrobione w czasie naszych wycieczek i s\u0105 obj\u0119te prawem autorskim.<\/span><\/span><\/span><\/em><\/p>\n<\/div>\n<\/div><\/div><\/div><\/div><\/div>","protected":false},"excerpt":{"rendered":"<p>Happy Iguana Company\u2120 focuses on the development of programs that seek to directly help people raise their incomes and standards of living.\u00a0We promote environmental integrity, social justice and economic development of the local community. We value meaningful connections with local people that help better understanding of local cultural, social and environmental issues. Our goal is [&hellip;]<\/p>","protected":false},"author":1,"featured_media":0,"parent":0,"menu_order":0,"comment_status":"closed","ping_status":"closed","template":"","meta":{"footnotes":""},"class_list":["post-2653","page","type-page","status-publish","hentry"],"_links":{"self":[{"href":"https:\/\/happyiguanacompany.com\/pl\/wp-json\/wp\/v2\/pages\/2653","targetHints":{"allow":["GET"]}}],"collection":[{"href":"https:\/\/happyiguanacompany.com\/pl\/wp-json\/wp\/v2\/pages"}],"about":[{"href":"https:\/\/happyiguanacompany.com\/pl\/wp-json\/wp\/v2\/types\/page"}],"author":[{"embeddable":true,"href":"https:\/\/happyiguanacompany.com\/pl\/wp-json\/wp\/v2\/users\/1"}],"replies":[{"embeddable":true,"href":"https:\/\/happyiguanacompany.com\/pl\/wp-json\/wp\/v2\/comments?post=2653"}],"version-history":[{"count":237,"href":"https:\/\/happyiguanacompany.com\/pl\/wp-json\/wp\/v2\/pages\/2653\/revisions"}],"predecessor-version":[{"id":4116,"href":"https:\/\/happyiguanacompany.com\/pl\/wp-json\/wp\/v2\/pages\/2653\/revisions\/4116"}],"wp:attachment":[{"href":"https:\/\/happyiguanacompany.com\/pl\/wp-json\/wp\/v2\/media?parent=2653"}],"curies":[{"name":"wp","href":"https:\/\/api.w.org\/{rel}","templated":true}]}}