{"id":274,"date":"2016-05-05T05:06:45","date_gmt":"2016-05-05T10:06:45","guid":{"rendered":"http:\/\/happyiguanacompany.duzy.pl\/?page_id=274"},"modified":"2023-03-30T13:09:34","modified_gmt":"2023-03-30T18:09:34","slug":"diving","status":"publish","type":"page","link":"https:\/\/happyiguanacompany.com\/pl\/things-to-do-2\/diving\/","title":{"rendered":"Nurkowanie na rafie z Camille"},"content":{"rendered":"<p>Camille od dziecka poci\u0105ga\u0142a magia oceanu i jego pi\u0119kno. Po 15 latach \u017cycia w Meksyku ma na koncie ponad 7000 nurkowa\u0144, zdoby\u0142 ponad 5000 certyfikat\u00f3w PADI i ponad 1500 certyfikat\u00f3w na poziomie zawodowym. Camille jest pasjonatem nurkowania speleologicznego i r\u00f3\u017cnych technik zwi\u0105zanych z tymi specyficznymi rodzajami nurkowa\u0144. Jego certyfikaty zawodowe to m.in.:<\/p>\n<p style=\"padding-left: 30px;\">Divemaster<\/p>\n<p style=\"padding-left: 30px;\">OWSI (PADI Instructor)<\/p>\n<p style=\"padding-left: 30px;\">PADI IDC Staff and Course Director (as of 2008)<\/p>\n<p style=\"padding-left: 30px;\">He is also a Tec Instructor Trainer.<\/p>\n<p>Pasj\u0105 Camille jest uczenie. Aktywnie wspiera r\u00f3wnie\u017c ochron\u0119 \u015brodowiska morskiego.<\/p>\n<p>Aby dowiedzie\u0107 si\u0119 wi\u0119cej o Camille i jego pasji do nurkowania, odwied\u017a jego <a href=\"http:\/\/www.scubadiverepublic.com\/about\/\" target=\"_blank\" rel=\"noopener noreferrer\">stron\u0119<\/a><\/p>\n<p style=\"text-align: center;\"><div id=\"metaslider-id-997\" style=\"max-width: 1340px;\" class=\"ml-slider-3-108-0 metaslider metaslider-flex metaslider-997 ml-slider has-dots-nav ms-theme-default\" role=\"region\" aria-label=\"Camille\" data-height=\"500\" data-width=\"1340\">\n    <div id=\"metaslider_container_997\">\n        <div id=\"metaslider_997\">\n            <ul class='slides'>\n                <li style=\"display: block; width: 100%;\" class=\"slide-998 ms-image\" aria-roledescription=\"slide\" data-date=\"2016-08-21 15:17:21\" data-filename=\"slider-0-1340x500.jpg\" data-slide-type=\"image\"><img loading=\"lazy\" decoding=\"async\" src=\"https:\/\/happyiguanacompany.com\/wp-content\/uploads\/2016\/08\/slider-0-1340x500.jpg\" height=\"500\" width=\"1340\" alt=\"\" class=\"slider-997 slide-998 msDefaultImage\" \/><\/li>\n                <li style=\"display: none; width: 100%;\" class=\"slide-999 ms-image\" aria-roledescription=\"slide\" data-date=\"2016-08-21 15:17:26\" data-filename=\"slider-1-1340x500.jpg\" data-slide-type=\"image\"><img loading=\"lazy\" decoding=\"async\" src=\"https:\/\/happyiguanacompany.com\/wp-content\/uploads\/2016\/08\/slider-1-1340x500.jpg\" height=\"500\" width=\"1340\" alt=\"\" class=\"slider-997 slide-999 msDefaultImage\" \/><\/li>\n                <li style=\"display: none; width: 100%;\" class=\"slide-1000 ms-image\" aria-roledescription=\"slide\" data-date=\"2016-08-21 15:17:29\" data-filename=\"slider-2-1340x500.jpg\" data-slide-type=\"image\"><img loading=\"lazy\" decoding=\"async\" src=\"https:\/\/happyiguanacompany.com\/wp-content\/uploads\/2016\/08\/slider-2-1340x500.jpg\" height=\"500\" width=\"1340\" alt=\"\" class=\"slider-997 slide-1000 msDefaultImage\" \/><\/li>\n                <li style=\"display: none; width: 100%;\" class=\"slide-1001 ms-image\" aria-roledescription=\"slide\" data-date=\"2016-08-21 15:17:33\" data-filename=\"slider-4-1340x500.jpg\" data-slide-type=\"image\"><img loading=\"lazy\" decoding=\"async\" src=\"https:\/\/happyiguanacompany.com\/wp-content\/uploads\/2016\/08\/slider-4-1340x500.jpg\" height=\"500\" width=\"1340\" alt=\"\" class=\"slider-997 slide-1001 msDefaultImage\" \/><\/li>\n            <\/ul>\n        <\/div>\n        \n    <\/div>\n<\/div><\/p>","protected":false},"excerpt":{"rendered":"<p>Camille has been attracted by the magic of the ocean and its beauty since he was a little boy. After 15 years living in Mexico, he accumulated more than 7000 dives, has done more than 5000 PADI certifications and more than 1500 certifications at a professional level. Camille is passionate about speleology diving and different [&hellip;]<\/p>\n","protected":false},"author":1,"featured_media":0,"parent":2611,"menu_order":30,"comment_status":"closed","ping_status":"closed","template":"","meta":{"footnotes":""},"class_list":["post-274","page","type-page","status-publish","hentry"],"_links":{"self":[{"href":"https:\/\/happyiguanacompany.com\/pl\/wp-json\/wp\/v2\/pages\/274","targetHints":{"allow":["GET"]}}],"collection":[{"href":"https:\/\/happyiguanacompany.com\/pl\/wp-json\/wp\/v2\/pages"}],"about":[{"href":"https:\/\/happyiguanacompany.com\/pl\/wp-json\/wp\/v2\/types\/page"}],"author":[{"embeddable":true,"href":"https:\/\/happyiguanacompany.com\/pl\/wp-json\/wp\/v2\/users\/1"}],"replies":[{"embeddable":true,"href":"https:\/\/happyiguanacompany.com\/pl\/wp-json\/wp\/v2\/comments?post=274"}],"version-history":[{"count":7,"href":"https:\/\/happyiguanacompany.com\/pl\/wp-json\/wp\/v2\/pages\/274\/revisions"}],"predecessor-version":[{"id":3926,"href":"https:\/\/happyiguanacompany.com\/pl\/wp-json\/wp\/v2\/pages\/274\/revisions\/3926"}],"up":[{"embeddable":true,"href":"https:\/\/happyiguanacompany.com\/pl\/wp-json\/wp\/v2\/pages\/2611"}],"wp:attachment":[{"href":"https:\/\/happyiguanacompany.com\/pl\/wp-json\/wp\/v2\/media?parent=274"}],"curies":[{"name":"wp","href":"https:\/\/api.w.org\/{rel}","templated":true}]}}