{"id":2933,"date":"2020-08-14T10:56:16","date_gmt":"2020-08-14T15:56:16","guid":{"rendered":"http:\/\/happyiguanacompany.com\/?page_id=2933"},"modified":"2022-08-29T15:24:03","modified_gmt":"2022-08-29T20:24:03","slug":"cenote-and-cave-diving-with-isa","status":"publish","type":"page","link":"https:\/\/happyiguanacompany.com\/pl\/things-to-do-2\/cenote-and-cave-diving-with-isa\/","title":{"rendered":"Nurkowanie w cenotach i jaskiniach"},"content":{"rendered":"<div id=\"pl-2933\"  class=\"panel-layout\" ><div id=\"pg-2933-0\"  class=\"panel-grid panel-no-style\" ><div id=\"pgc-2933-0-0\"  class=\"panel-grid-cell\" ><div id=\"panel-2933-0-0-0\" class=\"so-panel widget widget_sow-editor panel-first-child panel-last-child\" data-index=\"0\" ><div\n\t\t\t\n\t\t\tclass=\"so-widget-sow-editor so-widget-sow-editor-base\"\n\t\t\t\n\t\t>\n<div class=\"siteorigin-widget-tinymce textwidget\">\n\t<p>https:\/\/www.instagram.com\/p\/B8ARoshBykX\/<\/p>\n<\/div>\n<\/div><\/div><\/div><div id=\"pgc-2933-0-1\"  class=\"panel-grid-cell\" ><div id=\"panel-2933-0-1-0\" class=\"so-panel widget widget_sow-editor panel-first-child panel-last-child\" data-index=\"1\" ><div\n\t\t\t\n\t\t\tclass=\"so-widget-sow-editor so-widget-sow-editor-base\"\n\t\t\t\n\t\t>\n<div class=\"siteorigin-widget-tinymce textwidget\">\n\t<p>https:\/\/www.instagram.com\/p\/Bz1V_1Aiuf2\/<\/p>\n<h4>Cenotes<\/h4>\n<p>P\u00f3\u0142wysep Jukatan jest zbudowany z wapienia. Porowate pod\u0142o\u017ce skalne nie pozwala na gromadzenie si\u0119 \u015bwie\u017cej wody nad ziemi\u0105 w postaci rzek i jezior. Zamiast tego woda deszczowa jest filtrowana i zbiera si\u0119 pod ziemi\u0105. Czasami pod\u0142o\u017ce skalne destabilizuje si\u0119 i zapada, tworz\u0105c cenot\u0119.<\/p>\n<p>Cenoty zapewnia\u0142y Majom ca\u0142oroczny dost\u0119p do \u015bwie\u017cej wody. By\u0142y niezwykle wa\u017cne dla przetrwania miejscowej ludno\u015bci i zosta\u0142y osadzone w systemie wierze\u0144 religijnych. Majowie wierzyli, \u017ce cenoty s\u0105 bram\u0105 do Xibalby, podziemnego \u015bwiata, a b\u00f3g deszczu, Chaac, mia\u0142 tam mieszka\u0107.<\/p>\n<\/div>\n<\/div><\/div><\/div><\/div><div id=\"pg-2933-1\"  class=\"panel-grid panel-no-style\" ><div id=\"pgc-2933-1-0\"  class=\"panel-grid-cell\" ><div id=\"panel-2933-1-0-0\" class=\"so-panel widget widget_text panel-first-child panel-last-child\" data-index=\"2\" ><h3 class=\"widget-title\">Experience the unforgettable<\/h3>\t\t\t<div class=\"textwidget\"><p>Cenoty zapewnia\u0142y Majom ca\u0142oroczny dost\u0119p do \u015bwie\u017cej wody. By\u0142y niezwykle wa\u017cne dla przetrwania miejscowej ludno\u015bci i zosta\u0142y osadzone w systemie wierze\u0144 religijnych. Majowie wierzyli, \u017ce cenoty s\u0105 bram\u0105 do Xibalby, podziemnego \u015bwiata, a b\u00f3g deszczu, Chaac, mia\u0142 tam mieszka\u0107.<\/p>\n<p>Nurkowanie w cenotach to ekscytuj\u0105ce prze\u017cycie. Woda jest absolutnie przezroczysta, krystalicznie czysta i czysta. Sufity tuneli s\u0105 pogryzione przez setki stalaktyt\u00f3w ubranych w zielone korzenie. Pl\u0105tanina tuneli prowadzi czasem do wysokich pomieszcze\u0144, przez kt\u00f3re przez ma\u0142e otwory w suficie przechodz\u0105 d\u0142ugie promienie s\u0142o\u0144ca, przenikaj\u0105ce przez ciemno\u015b\u0107 jaskini.<\/p>\n<p>Wi\u0119cej informacji na temat nurkowania w cenote znajdziesz na stronie <a href=\"https:\/\/www.cenotetours.com\/articles\/\" target=\"_blank\" rel=\"noopener\">Cenote Tours website.<\/a><\/p>\n<\/div>\n\t\t<\/div><\/div><div id=\"pgc-2933-1-1\"  class=\"panel-grid-cell\" ><div id=\"panel-2933-1-1-0\" class=\"so-panel widget widget_media_image panel-first-child panel-last-child\" data-index=\"3\" ><img loading=\"lazy\" decoding=\"async\" width=\"300\" height=\"300\" src=\"https:\/\/happyiguanacompany.com\/wp-content\/uploads\/2020\/08\/61532654_1036451233220348_106196412173123584_o-300x300.jpg\" class=\"image wp-image-2940  attachment-medium size-medium\" alt=\"\" style=\"max-width: 100%; height: auto;\" srcset=\"https:\/\/happyiguanacompany.com\/wp-content\/uploads\/2020\/08\/61532654_1036451233220348_106196412173123584_o-300x300.jpg 300w, https:\/\/happyiguanacompany.com\/wp-content\/uploads\/2020\/08\/61532654_1036451233220348_106196412173123584_o-150x150.jpg 150w, https:\/\/happyiguanacompany.com\/wp-content\/uploads\/2020\/08\/61532654_1036451233220348_106196412173123584_o-768x768.jpg 768w, https:\/\/happyiguanacompany.com\/wp-content\/uploads\/2020\/08\/61532654_1036451233220348_106196412173123584_o.jpg 960w\" sizes=\"auto, (max-width: 300px) 100vw, 300px\" \/><\/div><\/div><\/div><div id=\"pg-2933-2\"  class=\"panel-grid panel-no-style\" ><div id=\"pgc-2933-2-0\"  class=\"panel-grid-cell\" ><div id=\"panel-2933-2-0-0\" class=\"so-panel widget widget_media_image panel-first-child panel-last-child\" data-index=\"4\" ><img loading=\"lazy\" decoding=\"async\" width=\"225\" height=\"300\" src=\"https:\/\/happyiguanacompany.com\/wp-content\/uploads\/2020\/08\/isa_personal_module-225x300.jpg\" class=\"image wp-image-2934  attachment-medium size-medium\" alt=\"\" style=\"max-width: 100%; height: auto;\" srcset=\"https:\/\/happyiguanacompany.com\/wp-content\/uploads\/2020\/08\/isa_personal_module-225x300.jpg 225w, https:\/\/happyiguanacompany.com\/wp-content\/uploads\/2020\/08\/isa_personal_module.jpg 600w\" sizes=\"auto, (max-width: 225px) 100vw, 225px\" \/><\/div><\/div><div id=\"pgc-2933-2-1\"  class=\"panel-grid-cell\" ><div id=\"panel-2933-2-1-0\" class=\"so-panel widget widget_text panel-first-child panel-last-child\" data-index=\"5\" ><h3 class=\"widget-title\">Isabel Dom\u00ednguez \u2013 techniczny instruktor jaskiniowy i instruktor Tek OW Sidemount<\/h3>\t\t\t<div class=\"textwidget\"><p>Isa jest nie tylko pasjonatem nurkowania w jaskiniach i cenotach. Jest tak\u017ce bardzo do\u015bwiadczonym i \u015bwietnym przewodnikiem. Iza posiada nast\u0119puj\u0105ce certyfikaty:<\/p>\n<p><strong>IANTD: <\/strong>Technical Cave Instructor, Tek OW Sidemount Instructor, Advanced EANx Instructor, Technical Diver, Adv. Cave \u2013 Stage\/Multi-Stage Diver, Adv. Cave \u2013 DPV Diver, Adv. Cave \u2013 Sidemount Diver.<\/p>\n<p><strong>SSI: <\/strong>Advanced Open Water Instructor, Gold 500 Instructor, React Right Instructor (FA, CPR, AED, O2). Specialty Instructor: Cavern, Enriched Air Nitrox, Wreck Diving, Recreational Cavern &amp; Cenote Diving, Perfect Buoyancy, Night Diving and Limited Visibility, Equipment Techniques, Navigation, Dive Guide, Deep, Coral, Marine Ecology, Science Of Diving.<\/p>\n<p><strong>TDI:<\/strong> Full Cave Diver, Survey.<\/p>\n<\/div>\n\t\t<\/div><\/div><\/div><div id=\"pg-2933-3\"  class=\"panel-grid panel-no-style\" ><div id=\"pgc-2933-3-0\"  class=\"panel-grid-cell\" ><div id=\"panel-2933-3-0-0\" class=\"so-panel widget widget_text panel-first-child panel-last-child\" data-index=\"6\" >\t\t\t<div class=\"textwidget\"><p>Temperatura wody w cenotach wynosi oko\u0142o 24\u00b0C. Latem woda na morzu ma oko\u0142o 29\u00b0C. Woda w cenotach jest znacznie zimniejsza, dlatego zaleca si\u0119 pe\u0142ny kombinezon.<\/p>\n<\/div>\n\t\t<\/div><\/div><\/div><div id=\"pg-2933-4\"  class=\"panel-grid panel-no-style\" ><div id=\"pgc-2933-4-0\"  class=\"panel-grid-cell\" ><div id=\"panel-2933-4-0-0\" class=\"so-panel widget widget_sow-headline panel-first-child panel-last-child\" data-index=\"7\" ><div\n\t\t\t\n\t\t\tclass=\"so-widget-sow-headline so-widget-sow-headline-default-eb58c90b4a68-2933\"\n\t\t\t\n\t\t><div class=\"sow-headline-container\">\n\t\t\t\t\t\t<div class=\"decoration\">\n\t\t\t\t\t\t<div class=\"decoration-inside\"><\/div>\n\t\t\t\t\t<\/div>\n\t\t\t\t\t\t\t\t\t\t\t<h2 class=\"sow-headline\">\n\t\t\t\t\t\tWymagania:\t\t\t\t\t\t<\/h2>\n\t\t\t\t\t\t<\/div>\n<\/div><\/div><\/div><\/div><div id=\"pg-2933-5\"  class=\"panel-grid panel-no-style\" ><div id=\"pgc-2933-5-0\"  class=\"panel-grid-cell\" ><div id=\"panel-2933-5-0-0\" class=\"so-panel widget widget_sow-features panel-first-child panel-last-child\" data-index=\"8\" ><div\n\t\t\t\n\t\t\tclass=\"so-widget-sow-features so-widget-sow-features-default-0e0f8d436f18-2933\"\n\t\t\t\n\t\t><ul\n\tclass=\"sow-features-list\tsow-features-responsive\">\n\n\t\t\t<li\n\t\t\tclass=\"sow-features-feature sow-icon-container-position-top\"\n\t\t\tstyle=\"display: flex; flex-direction: column; width: calc(33.333% - 25px);\"\n\t\t>\n\t\t\t\n\t\t\t\t\t\t<div\t\t\t\tclass=\"sow-icon-container sow-container-rounded-sticker\"\n\t\t\t\tstyle=\"color: #f7a102; \"\n\t\t\t\t\n\t\t\t\t\t\t\t>\n\t\t\t\t<span class=\"sow-icon-fontawesome sow-far\" data-sow-icon=\"&#xf044;\"\n\t\tstyle=\"font-size: 24px; color: #010919\" \n\t\taria-hidden=\"true\"><\/span>\t\t\t<\/div>\n\n\t\t\t<div class=\"textwidget\">\n\t\t\t\t\n\t\t\t\t\t\t\t\t\t<h5 class=\"sow-features-feature-title\">\n\t\t\t\t\t\tCertyfikowany nurek\t\t\t\t\t<\/h5>\n\t\t\t\t\n\t\t\t\t\t\t\t<\/div>\n\t\t\t\t\t\t\t\t<\/li>\n\n\t\t\t<li\n\t\t\tclass=\"sow-features-feature sow-icon-container-position-top\"\n\t\t\tstyle=\"display: flex; flex-direction: column; width: calc(33.333% - 25px);\"\n\t\t>\n\t\t\t\n\t\t\t\t\t\t<div\t\t\t\tclass=\"sow-icon-container sow-container-rounded-sticker\"\n\t\t\t\tstyle=\"color: #f7a102; \"\n\t\t\t\t\n\t\t\t\t\t\t\t>\n\t\t\t\t<span class=\"sow-icon-fontawesome sow-far\" data-sow-icon=\"&#xf073;\"\n\t\tstyle=\"font-size: 24px; color: #010919\" \n\t\taria-hidden=\"true\"><\/span>\t\t\t<\/div>\n\n\t\t\t<div class=\"textwidget\">\n\t\t\t\t\n\t\t\t\t\t\t\t\t\t<h5 class=\"sow-features-feature-title\">\n\t\t\t\t\t\tMniej ni\u017c 1 rok od ostatniego nurkowania\t\t\t\t\t<\/h5>\n\t\t\t\t\n\t\t\t\t\t\t\t<\/div>\n\t\t\t\t\t\t\t\t<\/li>\n\n\t\t\t<li\n\t\t\tclass=\"sow-features-feature sow-icon-container-position-top\"\n\t\t\tstyle=\"display: flex; flex-direction: column; width: calc(33.333% - 25px);\"\n\t\t>\n\t\t\t\n\t\t\t\t\t\t<div\t\t\t\tclass=\"sow-icon-container sow-container-rounded-sticker\"\n\t\t\t\tstyle=\"color: #f7a102; \"\n\t\t\t\t\n\t\t\t\t\t\t\t>\n\t\t\t\t<span class=\"sow-icon-fontawesome sow-far\" data-sow-icon=\"&#xf2bb;\"\n\t\tstyle=\"font-size: 24px; color: #010919\" \n\t\taria-hidden=\"true\"><\/span>\t\t\t<\/div>\n\n\t\t\t<div class=\"textwidget\">\n\t\t\t\t\n\t\t\t\t\t\t\t\t\t<h5 class=\"sow-features-feature-title\">\n\t\t\t\t\t\tMinimalny wiek: 15 lat\t\t\t\t\t<\/h5>\n\t\t\t\t\n\t\t\t\t\t\t\t<\/div>\n\t\t\t\t\t\t\t\t<\/li>\n\n\t<\/ul>\n<\/div><\/div><\/div><\/div><div id=\"pg-2933-6\"  class=\"panel-grid panel-no-style\" ><div id=\"pgc-2933-6-0\"  class=\"panel-grid-cell\" ><div id=\"panel-2933-6-0-0\" class=\"so-panel widget widget_sow-editor panel-first-child panel-last-child\" data-index=\"9\" ><div\n\t\t\t\n\t\t\tclass=\"so-widget-sow-editor so-widget-sow-editor-base\"\n\t\t\t\n\t\t>\n<div class=\"siteorigin-widget-tinymce textwidget\">\n\t<p>https:\/\/www.instagram.com\/p\/CDjLIxrBKmN\/<\/p>\n<\/div>\n<\/div><\/div><\/div><div id=\"pgc-2933-6-1\"  class=\"panel-grid-cell\" ><div id=\"panel-2933-6-1-0\" class=\"so-panel widget widget_sow-editor panel-first-child panel-last-child\" data-index=\"10\" ><div\n\t\t\t\n\t\t\tclass=\"so-widget-sow-editor so-widget-sow-editor-base\"\n\t\t\t\n\t\t>\n<div class=\"siteorigin-widget-tinymce textwidget\">\n\t<p>https:\/\/www.instagram.com\/p\/Bzf_2PzBt9C\/<\/p>\n<\/div>\n<\/div><\/div><\/div><\/div><\/div>","protected":false},"excerpt":{"rendered":"<p>https:\/\/www.instagram.com\/p\/B8ARoshBykX\/ https:\/\/www.instagram.com\/p\/Bz1V_1Aiuf2\/ Cenotes The Yucatan Peninsula is characterized by its mainly limestone bedrock. The porous bedrock does not allow for fresh water to accumulate above ground in forms of rivers and lakes. Instead, rain water filters through the perforated rock and collects underground. At times, the bedrock destabilizes and it collapses creating a cenote. For [&hellip;]<\/p>","protected":false},"author":1,"featured_media":0,"parent":2611,"menu_order":20,"comment_status":"closed","ping_status":"closed","template":"","meta":{"footnotes":""},"class_list":["post-2933","page","type-page","status-publish","hentry"],"_links":{"self":[{"href":"https:\/\/happyiguanacompany.com\/pl\/wp-json\/wp\/v2\/pages\/2933","targetHints":{"allow":["GET"]}}],"collection":[{"href":"https:\/\/happyiguanacompany.com\/pl\/wp-json\/wp\/v2\/pages"}],"about":[{"href":"https:\/\/happyiguanacompany.com\/pl\/wp-json\/wp\/v2\/types\/page"}],"author":[{"embeddable":true,"href":"https:\/\/happyiguanacompany.com\/pl\/wp-json\/wp\/v2\/users\/1"}],"replies":[{"embeddable":true,"href":"https:\/\/happyiguanacompany.com\/pl\/wp-json\/wp\/v2\/comments?post=2933"}],"version-history":[{"count":59,"href":"https:\/\/happyiguanacompany.com\/pl\/wp-json\/wp\/v2\/pages\/2933\/revisions"}],"predecessor-version":[{"id":3144,"href":"https:\/\/happyiguanacompany.com\/pl\/wp-json\/wp\/v2\/pages\/2933\/revisions\/3144"}],"up":[{"embeddable":true,"href":"https:\/\/happyiguanacompany.com\/pl\/wp-json\/wp\/v2\/pages\/2611"}],"wp:attachment":[{"href":"https:\/\/happyiguanacompany.com\/pl\/wp-json\/wp\/v2\/media?parent=2933"}],"curies":[{"name":"wp","href":"https:\/\/api.w.org\/{rel}","templated":true}]}}