{"id":365,"date":"2016-05-06T05:49:12","date_gmt":"2016-05-06T10:49:12","guid":{"rendered":"http:\/\/happyiguanacompany.com\/?page_id=365"},"modified":"2023-03-30T13:13:26","modified_gmt":"2023-03-30T18:13:26","slug":"yoga-with-ellen","status":"publish","type":"page","link":"https:\/\/happyiguanacompany.com\/pl\/things-to-do-2\/yoga-with-ellen\/","title":{"rendered":"Joga z Ellen"},"content":{"rendered":"<div id=\"pl-365\"  class=\"panel-layout\" ><div id=\"pg-365-0\"  class=\"panel-grid panel-no-style\" ><div id=\"pgc-365-0-0\"  class=\"panel-grid-cell\" ><div id=\"panel-365-0-0-0\" class=\"so-panel widget widget_sow-editor panel-first-child\" data-index=\"0\" ><div\n\t\t\t\n\t\t\tclass=\"so-widget-sow-editor so-widget-sow-editor-base\"\n\t\t\t\n\t\t>\n<div class=\"siteorigin-widget-tinymce textwidget\">\n\t<p>Delikatnie silna, przezabawnie powa\u017cna, \u015bwiadomie wymagaj\u0105ca. Ellen uczy swoich uczni\u00f3w, aby byli prawdziwi, szczerzy i akceptuj\u0105cy. Jest najbardziej inspiruj\u0105c\u0105 osobowo\u015bci\u0105 jogi w Playa del Carmen i wsz\u0119dzie, gdzie uczy. Je\u015bli masz szans\u0119 po\u0107wiczy\u0107 z ni\u0105, skorzystaj! Odwied\u017a <a href=\"http:\/\/www.ellendejonge.com\/\" target=\"_blank\" rel=\"noopener\">stron\u0119 internetow\u0105<\/a> Ellen, \u017ceby dowiedzi\u0107 si\u0119 wi\u0119cej,<\/p>\n<\/div>\n<\/div><\/div><div id=\"panel-365-0-0-1\" class=\"so-panel widget widget_sow-editor panel-last-child\" data-index=\"1\" ><div\n\t\t\t\n\t\t\tclass=\"so-widget-sow-editor so-widget-sow-editor-base\"\n\t\t\t\n\t\t>\n<div class=\"siteorigin-widget-tinymce textwidget\">\n\t<p>https:\/\/www.instagram.com\/p\/BWnapX7FY8D\/?taken-by=ellenyoga<\/p>\n<p>https:\/\/www.instagram.com\/p\/BStF1Q-j8VS\/?taken-by=ellenyoga<\/p>\n<\/div>\n<\/div><\/div><\/div><div id=\"pgc-365-0-1\"  class=\"panel-grid-cell\" ><div id=\"panel-365-0-1-0\" class=\"so-panel widget widget_text panel-first-child\" data-index=\"2\" >\t\t\t<div class=\"textwidget\"><p>https:\/\/www.instagram.com\/p\/BaCaIoQnLBg\/?taken-by=ellenyoga<\/p>\n<\/div>\n\t\t<\/div><div id=\"panel-365-0-1-1\" class=\"so-panel widget widget_text panel-last-child\" data-index=\"3\" >\t\t\t<div class=\"textwidget\"><p>https:\/\/www.instagram.com\/p\/BFxXP8gLDXi\/<\/p>\n<\/div>\n\t\t<\/div><\/div><\/div><\/div>","protected":false},"excerpt":{"rendered":"<p>Gently strong, hilariously serious, mindfully challenging. Ellen teaches her students to be real, honest and accepting. She is the most inspiring yoga personality in Playa del Carmen and far beyond. If you get a chance to practice with her, take it!\u00a0 Visit Ellen\u2019s website to learn more. https:\/\/www.instagram.com\/p\/BWnapX7FY8D\/?taken-by=ellenyoga https:\/\/www.instagram.com\/p\/BStF1Q-j8VS\/?taken-by=ellenyoga https:\/\/www.instagram.com\/p\/BaCaIoQnLBg\/?taken-by=ellenyoga https:\/\/www.instagram.com\/p\/BFxXP8gLDXi\/<\/p>","protected":false},"author":1,"featured_media":0,"parent":2611,"menu_order":40,"comment_status":"closed","ping_status":"closed","template":"","meta":{"footnotes":""},"class_list":["post-365","page","type-page","status-publish","hentry"],"_links":{"self":[{"href":"https:\/\/happyiguanacompany.com\/pl\/wp-json\/wp\/v2\/pages\/365","targetHints":{"allow":["GET"]}}],"collection":[{"href":"https:\/\/happyiguanacompany.com\/pl\/wp-json\/wp\/v2\/pages"}],"about":[{"href":"https:\/\/happyiguanacompany.com\/pl\/wp-json\/wp\/v2\/types\/page"}],"author":[{"embeddable":true,"href":"https:\/\/happyiguanacompany.com\/pl\/wp-json\/wp\/v2\/users\/1"}],"replies":[{"embeddable":true,"href":"https:\/\/happyiguanacompany.com\/pl\/wp-json\/wp\/v2\/comments?post=365"}],"version-history":[{"count":16,"href":"https:\/\/happyiguanacompany.com\/pl\/wp-json\/wp\/v2\/pages\/365\/revisions"}],"predecessor-version":[{"id":3927,"href":"https:\/\/happyiguanacompany.com\/pl\/wp-json\/wp\/v2\/pages\/365\/revisions\/3927"}],"up":[{"embeddable":true,"href":"https:\/\/happyiguanacompany.com\/pl\/wp-json\/wp\/v2\/pages\/2611"}],"wp:attachment":[{"href":"https:\/\/happyiguanacompany.com\/pl\/wp-json\/wp\/v2\/media?parent=365"}],"curies":[{"name":"wp","href":"https:\/\/api.w.org\/{rel}","templated":true}]}}